{"id":827,"date":"2018-08-30T18:24:17","date_gmt":"2018-08-30T21:24:17","guid":{"rendered":"https:\/\/enssagarna-ers.infd.edu.ar\/sitio\/datos-institucionales\/"},"modified":"2025-08-28T19:17:58","modified_gmt":"2025-08-28T22:17:58","slug":"elinstituto","status":"publish","type":"page","link":"https:\/\/enssagarna-ers.infd.edu.ar\/sitio\/elinstituto\/","title":{"rendered":"El Instituto"},"content":{"rendered":"\n<p>La Escuela Normal Superior \u00abDr. Antonio Sagarna\u00bb en la ciudad de Nogoy\u00e1 se encuentra ubicada en Bv Sarmiento 1056 entre las calles Quiroga y Taboada, Fray Reginaldo de la Cruz Salda\u00f1a Retamal y Mantegazza.<\/p>\n\n\n\n<center><iframe loading=\"lazy\" title=\"YouTube video player\" src=\"https:\/\/www.youtube.com\/embed\/K_Q3sLaHDM8\" width=\"700\" height=\"500\" frameborder=\"0\" allowfullscreen=\"allowfullscreen\"><\/iframe><\/center>\n\n\n\n<p><br>Datos Institucionales:<\/p>\n\n\n\n<ul>\n<li><span style=\"font-size: 12pt; font-family: arial,helvetica,sans-serif;\">Domicilio: Bv Sarmiento 1056<\/span><\/li>\n\n\n\n<li><span style=\"font-size: 12pt; font-family: arial,helvetica,sans-serif;\">Tel: 03435-421212 &nbsp;<\/span><span style=\"font-size: 12pt; font-family: arial,helvetica,sans-serif;\">Nogoy\u00e1<\/span><\/li>\n\n\n\n<li><span style=\"font-size: 12pt; font-family: arial,helvetica,sans-serif;\">E-mail : <\/span>superior.normal4.ng@entrerios.edu.ar <\/li>\n\n\n\n<li><span style=\"font-size: 12pt; font-family: arial,helvetica,sans-serif;\">http:\/\/enssagarna.ers.infd.edu.ar\/<\/span><\/li>\n\n\n\n<li>CUE: 300-1783<\/li>\n\n\n\n<li>Facebook: <a href=\"https:\/\/www.facebook.com\/escuelasagarnanogoya\">https:\/\/www.facebook.com\/escuelasagarnanogoya<\/a><\/li>\n<\/ul>\n\n\n\n<div class=\"wp-block-group is-layout-constrained\"><div class=\"wp-block-group__inner-container\">\n<h2 class=\"wp-block-heading\">Ubicaci\u00f3n:<\/h2>\n\n\n\n<iframe src=\"https:\/\/www.google.com\/maps\/embed?pb=!1m18!1m12!1m3!1d1012.7109200822017!2d-59.79548395887458!3d-32.39703712119173!2m3!1f0!2f0!3f0!3m2!1i1024!2i768!4f13.1!3m3!1m2!1s0x95b135a07fc2bd3f%3A0xc0aa3791ca3b4a7!2sEscuela%20Normal%20Superior%20%22Antonio%20Sagarna%22!5e1!3m2!1ses-419!2sar!4v1700849298669!5m2!1ses-419!2sar\" width=\"600\" height=\"450\" style=\"border:0;\" allowfullscreen=\"\" loading=\"lazy\" referrerpolicy=\"no-referrer-when-downgrade\"><\/iframe>\n<\/div><\/div>\n\n\n\n<p><\/p>\n\n\n\n<p><\/p>\n\n\n\n<div class=\"wp-block-group alignfull has-text-color has-background is-layout-flow\" style=\"color:#000000;background-color:#ffffff\"><div class=\"wp-block-group__inner-container\">\n<p class=\"has-text-align-center has-small-font-size\" style=\"line-height:.9\"><\/p>\n\n\n\n<h2 class=\"wp-block-heading has-text-align-center\" id=\"schedule-a-visit\" style=\"font-size:59px;line-height:1.15\"><strong>Himno al Instituto<\/strong> \u00abNogoy\u00e1\u00bb<\/h2>\n\n\n\n<figure class=\"wp-block-audio\"><audio controls src=\"https:\/\/enssagarna-ers.infd.edu.ar\/sitio\/wp-content\/uploads\/2019\/03\/himno-colegio.mp3\"><\/audio><\/figure>\n\n\n\n<div class=\"wp-block-buttons is-horizontal is-content-justification-center is-layout-flex wp-container-2\">\n<div class=\"wp-block-button has-custom-width wp-block-button__width-50\"><a class=\"wp-block-button__link has-text-color has-background wp-element-button\" href=\"https:\/\/enssagarna-ers.infd.edu.ar\/sitio\/wp-content\/uploads\/2019\/03\/Himno-al-Intituto-Nogoya.pdf\" style=\"border-radius:50px;color:#ffffff;background-color:#000000\" target=\"_blank\" rel=\"noreferrer noopener\">Descargar Letra<\/a><\/div>\n<\/div>\n<\/div><\/div>\n\n\n\n<div class=\"wp-block-group has-base-2-background-color has-background is-layout-constrained\"><div class=\"wp-block-group__inner-container\">\n<h2 class=\"wp-block-heading\">Historia<\/h2>\n\n\n\n<div class=\"wp-block-columns is-layout-flex wp-container-6\">\n<div class=\"wp-block-column is-layout-flow\" style=\"flex-basis:33.33%\">\n<figure class=\"wp-block-image size-large is-resized is-style-default\"><img decoding=\"async\" loading=\"lazy\" src=\"https:\/\/enssagarna-ers.infd.edu.ar\/sitio\/wp-content\/uploads\/2023\/11\/IMG_20220517_151427693-1900x1361.jpg\" alt=\"\" class=\"wp-image-2101\" width=\"446\" height=\"319\" srcset=\"https:\/\/enssagarna-ers.infd.edu.ar\/sitio\/wp-content\/uploads\/2023\/11\/IMG_20220517_151427693-1900x1361.jpg 1900w, https:\/\/enssagarna-ers.infd.edu.ar\/sitio\/wp-content\/uploads\/2023\/11\/IMG_20220517_151427693-1000x716.jpg 1000w, https:\/\/enssagarna-ers.infd.edu.ar\/sitio\/wp-content\/uploads\/2023\/11\/IMG_20220517_151427693-768x550.jpg 768w, https:\/\/enssagarna-ers.infd.edu.ar\/sitio\/wp-content\/uploads\/2023\/11\/IMG_20220517_151427693-1536x1101.jpg 1536w, https:\/\/enssagarna-ers.infd.edu.ar\/sitio\/wp-content\/uploads\/2023\/11\/IMG_20220517_151427693-2048x1467.jpg 2048w\" sizes=\"(max-width: 446px) 100vw, 446px\" \/><\/figure>\n<\/div>\n\n\n\n<div class=\"wp-block-column is-layout-flow\" style=\"flex-basis:66.66%\">\n<blockquote class=\"wp-block-quote\">\n<p class=\"has-base-background-color has-background\" style=\"font-size:15px\"><em>Corre el a\u00f1o&nbsp; <strong>1936<\/strong>, y en Nogoy\u00e1 cabecera del departamento del mismo nombre contaba ya con un considerable n\u00famero de habitantes,&nbsp; algunos centros fabriles y una elevada cantidad de establecimientos comerciales, aunque en el plano educativo todav\u00eda no se contaba con establecimientos de educaci\u00f3n secundaria. Quienes estaban interesados en cursar sus estudios secundarios deb\u00edan hacerlo en las ciudades de Paran\u00e1, Victoria, Gualeguay, Gualeguaych\u00fa, C. Del Uruguay y Concordia.- Esto motiv\u00f3 a los vecinos de Nogoy\u00e1 a convocar a una Asamblea General para el d\u00eda 3 de Abril en el sal\u00f3n municipal de la ciudad. Asistieron a ella alrededor de 300 personas, autoridades, legisladores, representantes de las fuerzas vivas y vecinos en general. La misma fue presidida por el Dr. Jos\u00e9 \u00c1ngel Allende, a quien asisti\u00f3 como secretario el Sr, Manuel Rogelio Alarc\u00f3n. Esta Asamblea analizo la conveniencia de crear un establecimiento que siguiera los planes de los Colegios Nacionales. Hubo varias reuniones en los d\u00edas posteriores en las cuales se conform\u00f3 el Rectorado, Secretaria y Profesorado del Instituto, quien hizo la apertura de las clases el d\u00eda 6 de Abril de 1936, en el sal\u00f3n municipal, Adoptando el nombre de <strong>Instituto Nogoy\u00e1&nbsp;<\/strong> Para la iniciaci\u00f3n de las clases los vecinos y las escuelas locales proveyeron de los elementos indispensables: \u00fatiles, bancos, pizarrones, etc.- Es ese lugar sigui\u00f3 funcionando el incipiente Colegio hasta que la Municipalidad puso en condiciones el edificio de calle 25 de Mayo 870.&nbsp;<\/em><\/p>\n<\/blockquote>\n<\/div>\n<\/div>\n\n\n\n<div class=\"wp-block-columns is-layout-flex wp-container-9\">\n<div class=\"wp-block-column is-layout-flow\" style=\"flex-basis:66.66%\">\n<blockquote class=\"wp-block-quote has-base-background-color has-background\" style=\"font-size:15px\">\n<p><em>Fue en <strong>1940,<\/strong> el primer a\u00f1o que funcionaron los cinco cursos de bachillerato, y debido al empe\u00f1o puesto en cumplir con la finalidad propuesta es que el Instituto Nogoy\u00e1 logra por entonces un alto grado de prestigio en la provincia y se hace merecedor de conseguir la categor\u00eda de Colegio Oficial. No estaba tan lejos de concretarse el&nbsp; ansiado prop\u00f3sito, en <strong>Septiembre de 1940<\/strong> se recibi\u00f3 la noticia mediante un telegrama enviado por diputados nacionales de la <strong>nacionalizaci\u00f3n del Instituto.-<\/strong><\/em><\/p>\n\n\n\n<p><em>Por razones de mal estado del edificio de calle 25 de Mayo donde estaba instalado el colegio, en <strong>1944<\/strong> el establecimiento fue trasladado al local de Quiroga y Taboada 1075 donde funcion\u00f3 hasta fines de 1978.-<\/em><\/p>\n<\/blockquote>\n<\/div>\n\n\n\n<div class=\"wp-block-column is-layout-flow\" style=\"flex-basis:33.33%\">\n<figure class=\"wp-block-image size-large is-resized\"><img decoding=\"async\" loading=\"lazy\" src=\"https:\/\/enssagarna-ers.infd.edu.ar\/sitio\/wp-content\/uploads\/2023\/11\/IMG_20220517_151527139-1900x1267.jpg\" alt=\"\" class=\"wp-image-2102\" width=\"475\" height=\"317\" srcset=\"https:\/\/enssagarna-ers.infd.edu.ar\/sitio\/wp-content\/uploads\/2023\/11\/IMG_20220517_151527139-1900x1267.jpg 1900w, https:\/\/enssagarna-ers.infd.edu.ar\/sitio\/wp-content\/uploads\/2023\/11\/IMG_20220517_151527139-1000x667.jpg 1000w, https:\/\/enssagarna-ers.infd.edu.ar\/sitio\/wp-content\/uploads\/2023\/11\/IMG_20220517_151527139-768x512.jpg 768w, https:\/\/enssagarna-ers.infd.edu.ar\/sitio\/wp-content\/uploads\/2023\/11\/IMG_20220517_151527139-1536x1025.jpg 1536w, https:\/\/enssagarna-ers.infd.edu.ar\/sitio\/wp-content\/uploads\/2023\/11\/IMG_20220517_151527139-2048x1366.jpg 2048w\" sizes=\"(max-width: 475px) 100vw, 475px\" \/><\/figure>\n<\/div>\n<\/div>\n\n\n\n<div class=\"wp-block-columns has-base-background-color has-background is-layout-flex wp-container-11\">\n<div class=\"wp-block-column is-layout-flow\">\n<blockquote class=\"wp-block-quote\" style=\"font-size:15px\">\n<p><em>En <strong>1949<\/strong> fue creado la <strong>Secci\u00f3n Comercial<\/strong> y a partir de entonces se duplic\u00f3 el numero de alumnos de la casa. A\u00f1o tras a\u00f1o se fueron creando nuevos cursos hasta que en 1953 egresaron los primeros Peritos Mercantiles del establecimiento.-<\/em><\/p>\n\n\n\n<p><em>En <strong>1960<\/strong>, al comenzar el a\u00f1o lectivo, se estableci\u00f3 la <strong>Secci\u00f3n anexa del Magisterio<\/strong> con s\u00f3lo 4\u00b0 a\u00f1o, y a fines de 1961 egresaron los primeros maestros de dicha secci\u00f3n. Por resoluci\u00f3n ministerial del 12 de abril de 1960 se dio el nombre de <strong>\u201cDr. Antonio Sagarna\u201d<\/strong> (quien fuera en ese entonces Ministro de la Corte Suprema de la Naci\u00f3n) al Colegio Nacional y a la Secci\u00f3n Comercial anexa.-<\/em><\/p>\n\n\n\n<p id=\"block-44975ff6-21e7-477c-ba7e-89a3439e15e4\"><em>A mediados de marzo de&nbsp; <strong>1962<\/strong> llego al establecimiento una resoluci\u00f3n ministerial con la designaci\u00f3n del personal docente del <strong>Departamento de Aplicaci\u00f3n<\/strong>, y el 25 de Mayo dicho Departamento con sus 7 grados fue inaugurado oficialmente con adhesi\u00f3n de autoridades y un amplio apoyo popular. Desde sus comienzos el <strong>Departamento de Aplicaci\u00f3n <\/strong>funcion\u00f3 en el edificio de propiedad municipal de calle 25 de mayo 825, que antiguamente ocupara el Colegio Nacional.<\/em><\/p>\n\n\n\n<p id=\"block-8342927b-29ab-4cbf-ab02-8c5803735bf8\"><em>En <strong>1964<\/strong> por resoluci\u00f3n ministerial comenz\u00f3 a funcional una secci\u00f3n de <strong>Jard\u00edn de Infantes<\/strong> y al a\u00f1o siguiente quedaron instaladas las dos secciones.-<\/em><\/p>\n\n\n\n<p id=\"block-3404efe7-8702-44bc-8e0f-93aa48021558\"><em>En <strong>1969<\/strong>, se transform\u00f3 la secci\u00f3n Magisterio en <strong>Bachillerato con Orientaci\u00f3n Pedag\u00f3gica, <\/strong>que en 1970 pasar\u00eda a ser <strong>Bachillerato Especializado en Ciencias Biol\u00f3gicas<\/strong> y en 1975 <strong>Bachillerato con Orientaci\u00f3n Docente.-<\/strong><\/em><\/p>\n<\/blockquote>\n<\/div>\n<\/div>\n\n\n\n<div class=\"wp-block-columns is-layout-flex wp-container-14\">\n<div class=\"wp-block-column is-layout-flow\">\n<blockquote class=\"wp-block-quote has-base-background-color has-background\" style=\"font-size:15px\">\n<p><em>En <strong>1979<\/strong> fue inaugurado oficialmente el Edificio donde funciona actualmente la Escuela Normal Superior \u201cDR. Antonio Sagarna\u201d. El terreno donde se encuentra construido este edificio fue donado por la Municipalidad de Nogoy\u00e1 en el a\u00f1o 1961. La Asociaci\u00f3n Cooperadora bajo la presidencia del Ing. Jorge Anibal Mendaro encaro la construcci\u00f3n del edificio en Convenio de Colaboraci\u00f3n con la Direcci\u00f3n Nacional de Arquitectura Educacional. Concret\u00e1ndose as\u00ed viejas aspiraciones nogoyaenses.-<\/em><\/p>\n<\/blockquote>\n<\/div>\n\n\n\n<div class=\"wp-block-column is-layout-flow\">\n<figure class=\"wp-block-image size-large is-resized\"><img decoding=\"async\" loading=\"lazy\" src=\"https:\/\/enssagarna-ers.infd.edu.ar\/sitio\/wp-content\/uploads\/2023\/11\/IMG_20220517_151622651-1900x1406.jpg\" alt=\"\" class=\"wp-image-2103\" width=\"453\" height=\"336\" srcset=\"https:\/\/enssagarna-ers.infd.edu.ar\/sitio\/wp-content\/uploads\/2023\/11\/IMG_20220517_151622651-1900x1406.jpg 1900w, https:\/\/enssagarna-ers.infd.edu.ar\/sitio\/wp-content\/uploads\/2023\/11\/IMG_20220517_151622651-1000x740.jpg 1000w, https:\/\/enssagarna-ers.infd.edu.ar\/sitio\/wp-content\/uploads\/2023\/11\/IMG_20220517_151622651-768x568.jpg 768w, https:\/\/enssagarna-ers.infd.edu.ar\/sitio\/wp-content\/uploads\/2023\/11\/IMG_20220517_151622651-1536x1137.jpg 1536w, https:\/\/enssagarna-ers.infd.edu.ar\/sitio\/wp-content\/uploads\/2023\/11\/IMG_20220517_151622651-2048x1516.jpg 2048w\" sizes=\"(max-width: 453px) 100vw, 453px\" \/><\/figure>\n<\/div>\n<\/div>\n\n\n\n<blockquote class=\"wp-block-quote has-base-background-color has-background\" style=\"font-size:15px\">\n<p><em>En <strong>1980<\/strong>, el Colegio ingresa al R\u00e9gimen de Profesores designados por cargo docente.-<\/em><\/p>\n\n\n\n<p><em>En <strong>1984<\/strong>, se crea la carrera de <strong>Profesorado para la Ense\u00f1anza Primaria.- <\/strong><\/em><\/p>\n\n\n\n<p><em>El 14 de mayo de <strong>1989<\/strong> se crea la carrera <strong>Analista de Sistemas<\/strong>, de 3 a\u00f1os de duraci\u00f3n, con un t\u00edtulo intermedio de Analista programador de 2 a\u00f1os de duraci\u00f3n. En el a\u00f1o 2005 se reconvierte la carrera, actualiz\u00e1ndose el programa, la cual pasa a llamarse <strong>Analista Superior de Sistemas<\/strong> con un t\u00edtulo intermedio de 2 a\u00f1os y medio.<\/em><\/p>\n\n\n\n<p><em>En el a\u00f1o <strong>2006<\/strong> nace la carrera <strong>Profesorado de Pedagog\u00eda<\/strong>.Desarroll\u00e1ndose por cuatro cohortes.<\/em><\/p>\n\n\n\n<p><em>En el a\u00f1o <strong>2010 <\/strong>se inicia el <strong>Profesorado de Educaci\u00f3n Secundaria en Matem\u00e1tica. <\/strong>Desarroll\u00e1ndose por cuatro cohortes<\/em><\/p>\n\n\n\n<p><em><strong>En el a\u00f1o&nbsp;2014&nbsp;se inicia&nbsp;el Profesorado de Educaci\u00f3n Secundaria en Econom\u00eda<\/strong><\/em><\/p>\n\n\n\n<p><em>&nbsp;En el a\u00f1o&nbsp;<strong>2014<\/strong>&nbsp;la carrera&nbsp;<strong>Analista Superior de Sistemas<\/strong> sufre una actualizaci\u00f3n de los planes de estudio acorde a lo requerido desde el Inet y comienza la&nbsp;<strong>Tecnicatura Superior en An\u00e1lisis y Desarrollo de Software<\/strong><\/em><\/p>\n\n\n\n<p><em><strong>En el a\u00f1o&nbsp;2015&nbsp;<\/strong>se inicia la<strong>&nbsp;Tecnicatura en Enfermer\u00eda<\/strong><\/em><\/p>\n<\/blockquote>\n\n\n\n<h6 class=\"wp-block-heading\"><strong>PROPUESTA DE FORMACI\u00d3N COMPLEMENTARIA<\/strong><\/h6>\n\n\n\n<blockquote class=\"wp-block-quote has-base-background-color has-background\" style=\"font-size:15px\">\n<p>A partir del a\u00f1o<strong> 2013<\/strong> la Escuela Normal presenta la <strong>propuesta de&nbsp;formaci\u00f3n&nbsp;complementaria en el nivel secundario<\/strong>, es un recorrido formativo que incluye la profundizaci\u00f3n de saberes y acciones dispuestas a complementar el perfil del egresado del bachillerato, otorgando certificaci\u00f3n del Consejo General de Educaci\u00f3n que acredita la especializaci\u00f3n aprobada.<\/p>\n\n\n\n<p>Esta formaci\u00f3n incluye:<\/p>\n\n\n\n<p><em>&#8211; \u00abLa Producci\u00f3n Multimedial en el \u00c1mbito Escolar\u00bb<\/em><\/p>\n\n\n\n<p><em>&#8211; \u00abFormaci\u00f3n Administativa contable para la Inserci\u00f3n Laboral\u00bb<\/em><\/p>\n\n\n\n<p><em>&#8211; \u00abPrevenci\u00f3n y desempe\u00f1o social\u00bb<\/em><\/p>\n<\/blockquote>\n\n\n\n<figure class=\"wp-block-gallery has-nested-images columns-default is-cropped wp-block-gallery-15 is-layout-flex\">\n<figure class=\"wp-block-image size-large\"><img decoding=\"async\" loading=\"lazy\" width=\"500\" height=\"375\" src=\"https:\/\/enssagarna-ers.infd.edu.ar\/sitio\/wp-content\/uploads\/2018\/08\/foto_escuela_4.jpg\" alt=\"\" class=\"wp-image-761\"\/><\/figure>\n\n\n\n<figure class=\"wp-block-image size-large\"><img decoding=\"async\" loading=\"lazy\" width=\"500\" height=\"375\" src=\"https:\/\/enssagarna-ers.infd.edu.ar\/sitio\/wp-content\/uploads\/2018\/08\/foto_escuela_7.jpg\" alt=\"\" class=\"wp-image-764\"\/><\/figure>\n\n\n\n<figure class=\"wp-block-image size-large\"><img decoding=\"async\" loading=\"lazy\" width=\"500\" height=\"375\" src=\"https:\/\/enssagarna-ers.infd.edu.ar\/sitio\/wp-content\/uploads\/2018\/08\/foto_escuela_1.jpg\" alt=\"\" class=\"wp-image-758\"\/><\/figure>\n<\/figure>\n<\/div><\/div>\n\n\n\n<h2 class=\"wp-block-heading has-text-align-center\">Autoridades:<\/h2>\n\n\n\n<div class=\"wp-block-columns is-layout-flex wp-container-19\">\n<div class=\"wp-block-column is-layout-flow\">\n<p class=\"has-text-align-center has-medium-font-size\"><strong>Rectora<\/strong><\/p>\n\n\n\n<p class=\"has-text-align-center has-medium-font-size\">Prof. Hayde\u00e9 Edith Riffel<\/p>\n<\/div>\n<\/div>\n\n\n\n<div class=\"wp-block-columns is-layout-flex wp-container-22\">\n<div class=\"wp-block-column is-layout-flow\">\n<p class=\"has-text-align-center has-medium-font-size\"><strong>Vicerrectora de Nivel Superior<\/strong><\/p>\n\n\n\n<p class=\"has-text-align-center has-medium-font-size\">Prof. Claudia Alejandra Arnao<\/p>\n<\/div>\n\n\n\n<div class=\"wp-block-column is-layout-flow\">\n<p class=\"has-text-align-center has-medium-font-size\"><strong>Secretaria de Instituto Superior<\/strong><\/p>\n\n\n\n<p class=\"has-text-align-center has-medium-font-size\">Prof. Laura Pejer<\/p>\n<\/div>\n<\/div>\n\n\n\n<div class=\"wp-block-columns is-layout-flex wp-container-25\">\n<div class=\"wp-block-column is-layout-flow\">\n<p class=\"has-text-align-center has-medium-font-size\"><strong>Secretaria Acad\u00e9mica<\/strong><\/p>\n\n\n\n<p class=\"has-text-align-center has-medium-font-size\">Prof. Mar\u00eda Victoria Acevedo<\/p>\n<\/div>\n\n\n\n<div class=\"wp-block-column is-layout-flow\">\n<p class=\"has-text-align-center has-medium-font-size\"><strong>Bedel<\/strong><\/p>\n\n\n\n<p class=\"has-text-align-center has-medium-font-size\">Prof. Elizabeth del Carmen Lopez Montenegro<\/p>\n<\/div>\n<\/div>\n\n\n\n<h1 class=\"wp-block-heading\"><\/h1>\n","protected":false},"excerpt":{"rendered":"<p>La Escuela Normal Superior \u00abDr. Antonio Sagarna\u00bb en la ciudad de Nogoy\u00e1 se encuentra ubicada en Bv Sarmiento 1056 entre las calles Quiroga y Taboada, Fray Reginaldo de la Cruz Salda\u00f1a Retamal y Mantegazza. Datos Institucionales: Ubicaci\u00f3n: Himno al Instituto \u00abNogoy\u00e1\u00bb Historia Corre el a\u00f1o&nbsp; 1936, y en Nogoy\u00e1 cabecera del departamento del mismo nombre &#8230; <a title=\"El Instituto\" class=\"read-more\" href=\"https:\/\/enssagarna-ers.infd.edu.ar\/sitio\/elinstituto\/\" aria-label=\"More on El Instituto\">[+]<\/a><\/p>\n","protected":false},"author":392,"featured_media":0,"parent":0,"menu_order":0,"comment_status":"closed","ping_status":"closed","template":"","meta":[],"acf":[],"_links":{"self":[{"href":"https:\/\/enssagarna-ers.infd.edu.ar\/sitio\/wp-json\/wp\/v2\/pages\/827"}],"collection":[{"href":"https:\/\/enssagarna-ers.infd.edu.ar\/sitio\/wp-json\/wp\/v2\/pages"}],"about":[{"href":"https:\/\/enssagarna-ers.infd.edu.ar\/sitio\/wp-json\/wp\/v2\/types\/page"}],"author":[{"embeddable":true,"href":"https:\/\/enssagarna-ers.infd.edu.ar\/sitio\/wp-json\/wp\/v2\/users\/392"}],"replies":[{"embeddable":true,"href":"https:\/\/enssagarna-ers.infd.edu.ar\/sitio\/wp-json\/wp\/v2\/comments?post=827"}],"version-history":[{"count":48,"href":"https:\/\/enssagarna-ers.infd.edu.ar\/sitio\/wp-json\/wp\/v2\/pages\/827\/revisions"}],"predecessor-version":[{"id":2210,"href":"https:\/\/enssagarna-ers.infd.edu.ar\/sitio\/wp-json\/wp\/v2\/pages\/827\/revisions\/2210"}],"wp:attachment":[{"href":"https:\/\/enssagarna-ers.infd.edu.ar\/sitio\/wp-json\/wp\/v2\/media?parent=827"}],"curies":[{"name":"wp","href":"https:\/\/api.w.org\/{rel}","templated":true}]}}