{"id":2193,"date":"2025-08-25T19:24:39","date_gmt":"2025-08-25T22:24:39","guid":{"rendered":"https:\/\/enssagarna-ers.infd.edu.ar\/sitio\/?page_id=2193"},"modified":"2025-08-25T19:24:41","modified_gmt":"2025-08-25T22:24:41","slug":"tutoriales","status":"publish","type":"page","link":"https:\/\/enssagarna-ers.infd.edu.ar\/sitio\/tutoriales\/","title":{"rendered":"Tutoriales"},"content":{"rendered":"\n<p><\/p>\n\n\n\n<div class=\"wp-block-columns is-layout-flex wp-container-2\">\n<div class=\"wp-block-column is-layout-flow\">\n<p>Tutoriales&nbsp; y materiales te\u00f3ricos sobre el uso del campus virtual, <a rel=\"noreferrer noopener\" href=\"https:\/\/red.infd.edu.ar\/tutoriales-y-aportes-teoricos\/tutoriales-campus-virtual-infd\/\" data-type=\"URL\" data-id=\"https:\/\/red.infd.edu.ar\/tutoriales-y-aportes-teoricos\/tutoriales-campus-virtual-infd\/\" target=\"_blank\">ingresando aqu\u00ed<\/a><\/p>\n<\/div>\n<\/div>\n\n\n\n<div class=\"wp-block-columns has-base-2-color has-text-color has-background is-layout-flex wp-container-5\" style=\"background-color:#ee3030ba\">\n<div class=\"wp-block-column is-vertically-aligned-center has-white-color has-text-color is-layout-flow\" style=\"flex-basis:33.33%\"><div class=\"wp-block-image\">\n<figure class=\"aligncenter size-large\"><img decoding=\"async\" src=\"https:\/\/www.educativa.com\/wp-content\/themes\/educativa_2016\/img\/logo.png\" alt=\"\"\/><\/figure><\/div>\n\n\n<p class=\"has-text-align-center has-contrast-color has-text-color\">Descargala haciendo <a rel=\"noreferrer noopener\" href=\"https:\/\/www.educativa.com\/educativa-mobile-app\/\" target=\"_blank\">click aqu\u00ed<\/a><\/p>\n<\/div>\n\n\n\n<div class=\"wp-block-column is-vertically-aligned-center is-layout-flow\" style=\"flex-basis:66.66%\">\n<figure class=\"wp-block-embed is-type-video is-provider-youtube wp-block-embed-youtube wp-embed-aspect-16-9 wp-has-aspect-ratio\"><div class=\"wp-block-embed__wrapper\">\n<iframe loading=\"lazy\" title=\"Uso de la App de Educativa\" width=\"1200\" height=\"675\" src=\"https:\/\/www.youtube.com\/embed\/aLwBtqLUDiM?feature=oembed\" frameborder=\"0\" allow=\"accelerometer; autoplay; clipboard-write; encrypted-media; gyroscope; picture-in-picture; web-share\" referrerpolicy=\"strict-origin-when-cross-origin\" allowfullscreen><\/iframe>\n<\/div><\/figure>\n<\/div>\n<\/div>\n\n\n\n<div class=\"wp-block-columns has-background is-layout-flex wp-container-8\" style=\"background-color:#81cc6400\">\n<div class=\"wp-block-column is-layout-flow\" style=\"flex-basis:66.66%\">\n<figure class=\"wp-block-embed is-type-video is-provider-youtube wp-block-embed-youtube wp-embed-aspect-16-9 wp-has-aspect-ratio\"><div class=\"wp-block-embed__wrapper\">\n<iframe loading=\"lazy\" title=\"Tutorial Creaci\u00f3n de Clases y Textos - INFD\" width=\"1200\" height=\"675\" src=\"https:\/\/www.youtube.com\/embed\/gh4mx8HJTc0?feature=oembed\" frameborder=\"0\" allow=\"accelerometer; autoplay; clipboard-write; encrypted-media; gyroscope; picture-in-picture; web-share\" referrerpolicy=\"strict-origin-when-cross-origin\" allowfullscreen><\/iframe>\n<\/div><\/figure>\n<\/div>\n\n\n\n<div class=\"wp-block-column is-vertically-aligned-center is-layout-flow\" style=\"flex-basis:33.33%\"><div class=\"wp-block-image\">\n<figure class=\"aligncenter size-full is-resized\"><img decoding=\"async\" loading=\"lazy\" src=\"https:\/\/enssagarna-ers.infd.edu.ar\/sitio\/wp-content\/uploads\/2025\/08\/evento-virtual.png\" alt=\"\" class=\"wp-image-2201\" width=\"109\" height=\"109\" srcset=\"https:\/\/enssagarna-ers.infd.edu.ar\/sitio\/wp-content\/uploads\/2025\/08\/evento-virtual.png 512w, https:\/\/enssagarna-ers.infd.edu.ar\/sitio\/wp-content\/uploads\/2025\/08\/evento-virtual-500x500.png 500w\" sizes=\"(max-width: 109px) 100vw, 109px\" \/><\/figure><\/div>\n\n\n<h3 class=\"wp-block-heading has-text-align-center\">Creaci\u00f3n de Clases y Textos<\/h3>\n<\/div>\n<\/div>\n\n\n\n<div class=\"wp-block-columns has-background is-layout-flex wp-container-11\" style=\"background-color:#eb9d5e00\">\n<div class=\"wp-block-column is-vertically-aligned-center is-layout-flow\" style=\"flex-basis:33.33%\"><div class=\"wp-block-image\">\n<figure class=\"aligncenter size-full is-resized\"><img decoding=\"async\" loading=\"lazy\" src=\"https:\/\/enssagarna-ers.infd.edu.ar\/sitio\/wp-content\/uploads\/2025\/08\/charla.png\" alt=\"\" class=\"wp-image-2199\" width=\"111\" height=\"111\" srcset=\"https:\/\/enssagarna-ers.infd.edu.ar\/sitio\/wp-content\/uploads\/2025\/08\/charla.png 512w, https:\/\/enssagarna-ers.infd.edu.ar\/sitio\/wp-content\/uploads\/2025\/08\/charla-500x500.png 500w\" sizes=\"(max-width: 111px) 100vw, 111px\" \/><\/figure><\/div>\n\n\n<h2 class=\"wp-block-heading has-text-align-center\">Actividades y Calificaciones<\/h2>\n<\/div>\n\n\n\n<div class=\"wp-block-column is-layout-flow\" style=\"flex-basis:66.66%\">\n<figure class=\"wp-block-embed is-type-video is-provider-youtube wp-block-embed-youtube wp-embed-aspect-16-9 wp-has-aspect-ratio\"><div class=\"wp-block-embed__wrapper\">\n<iframe loading=\"lazy\" title=\"Tutorial Actividades y Calificaciones - Campus INFD\" width=\"1200\" height=\"675\" src=\"https:\/\/www.youtube.com\/embed\/VgUaKdZuwYE?feature=oembed\" frameborder=\"0\" allow=\"accelerometer; autoplay; clipboard-write; encrypted-media; gyroscope; picture-in-picture; web-share\" referrerpolicy=\"strict-origin-when-cross-origin\" allowfullscreen><\/iframe>\n<\/div><\/figure>\n<\/div>\n<\/div>\n","protected":false},"excerpt":{"rendered":"<p>Tutoriales&nbsp; y materiales te\u00f3ricos sobre el uso del campus virtual, ingresando aqu\u00ed Descargala haciendo click aqu\u00ed Creaci\u00f3n de Clases y Textos Actividades y Calificaciones<\/p>\n","protected":false},"author":99,"featured_media":0,"parent":0,"menu_order":0,"comment_status":"closed","ping_status":"closed","template":"","meta":[],"acf":[],"_links":{"self":[{"href":"https:\/\/enssagarna-ers.infd.edu.ar\/sitio\/wp-json\/wp\/v2\/pages\/2193"}],"collection":[{"href":"https:\/\/enssagarna-ers.infd.edu.ar\/sitio\/wp-json\/wp\/v2\/pages"}],"about":[{"href":"https:\/\/enssagarna-ers.infd.edu.ar\/sitio\/wp-json\/wp\/v2\/types\/page"}],"author":[{"embeddable":true,"href":"https:\/\/enssagarna-ers.infd.edu.ar\/sitio\/wp-json\/wp\/v2\/users\/99"}],"replies":[{"embeddable":true,"href":"https:\/\/enssagarna-ers.infd.edu.ar\/sitio\/wp-json\/wp\/v2\/comments?post=2193"}],"version-history":[{"count":10,"href":"https:\/\/enssagarna-ers.infd.edu.ar\/sitio\/wp-json\/wp\/v2\/pages\/2193\/revisions"}],"predecessor-version":[{"id":2206,"href":"https:\/\/enssagarna-ers.infd.edu.ar\/sitio\/wp-json\/wp\/v2\/pages\/2193\/revisions\/2206"}],"wp:attachment":[{"href":"https:\/\/enssagarna-ers.infd.edu.ar\/sitio\/wp-json\/wp\/v2\/media?parent=2193"}],"curies":[{"name":"wp","href":"https:\/\/api.w.org\/{rel}","templated":true}]}}