{"id":2157,"date":"2024-10-01T18:58:55","date_gmt":"2024-10-01T21:58:55","guid":{"rendered":"https:\/\/enssagarna-ers.infd.edu.ar\/sitio\/?page_id=2157"},"modified":"2024-10-01T19:08:52","modified_gmt":"2024-10-01T22:08:52","slug":"profesorado-de-educacion-secundaria-en-biologia","status":"publish","type":"page","link":"https:\/\/enssagarna-ers.infd.edu.ar\/sitio\/profesorado-de-educacion-secundaria-en-biologia\/","title":{"rendered":"Profesorado de Educaci\u00f3n Secundaria en Biolog\u00eda"},"content":{"rendered":"\n<figure class=\"wp-block-image size-full\"><img decoding=\"async\" loading=\"lazy\" width=\"1200\" height=\"200\" src=\"https:\/\/enssagarna-ers.infd.edu.ar\/sitio\/wp-content\/uploads\/2024\/10\/Banner-para-BIOLOGIA.png\" alt=\"\" class=\"wp-image-2164\" srcset=\"https:\/\/enssagarna-ers.infd.edu.ar\/sitio\/wp-content\/uploads\/2024\/10\/Banner-para-BIOLOGIA.png 1200w, https:\/\/enssagarna-ers.infd.edu.ar\/sitio\/wp-content\/uploads\/2024\/10\/Banner-para-BIOLOGIA-1000x167.png 1000w, https:\/\/enssagarna-ers.infd.edu.ar\/sitio\/wp-content\/uploads\/2024\/10\/Banner-para-BIOLOGIA-768x128.png 768w, https:\/\/enssagarna-ers.infd.edu.ar\/sitio\/wp-content\/uploads\/2024\/10\/Banner-para-BIOLOGIA-400x68.png 400w\" sizes=\"(max-width: 1200px) 100vw, 1200px\" \/><\/figure>\n\n\n\n<div class=\"wp-block-columns is-layout-flex wp-container-3\">\n<div class=\"wp-block-column is-layout-flow\" style=\"flex-basis:66.66%\">\n<p><strong>T\u00edtulo que se otorga<\/strong>: Profesor\/a de Educaci\u00f3n Secundaria en Biolog\u00eda<\/p>\n\n\n\n<p><strong>Duraci\u00f3n:<\/strong>&nbsp;4 a\u00f1os<\/p>\n\n\n\n<p><strong>Resoluci\u00f3n 0761\/14 CGE<\/strong>:\u00a0\u00a0<a rel=\"noreferrer noopener\" href=\"https:\/\/enssagarna-ers.infd.edu.ar\/sitio\/wp-content\/uploads\/2024\/10\/Diseno-Curricular-Profesorado-de-Biologia-Res-0761-14-CGE-DISENADO.pdf\" target=\"_blank\">Descargar<\/a><\/p>\n<\/div>\n\n\n\n<div class=\"wp-block-column is-layout-flow\" style=\"flex-basis:33.33%\">\n<figure class=\"wp-block-image size-full\"><a href=\"https:\/\/enssagarna-ers.infd.edu.ar\/sitio\/inscripcion-a-carreras\/\"><img decoding=\"async\" loading=\"lazy\" width=\"600\" height=\"150\" src=\"https:\/\/enssagarna-ers.infd.edu.ar\/sitio\/wp-content\/uploads\/2023\/11\/Link-para-Inscripcion.png\" alt=\"\" class=\"wp-image-2044\"\/><\/a><\/figure>\n<\/div>\n<\/div>\n\n\n\n<h3 class=\"entry-title\" style=\"background-color: #dd4816;\"><span style=\"color: #ffffff;\">Perfil del egresado<\/span><\/h3>\n\n\n\n<p><\/p>\n\n\n\n<p>La construcci\u00f3n de un dise\u00f1o curricular para la formaci\u00f3n docente inicial, nos posibilita resignificar la profesi\u00f3n docente, de manera tal de pensarla y concebirla como una pr\u00e1ctica reflexiva y critica.<\/p>\n\n\n\n<p>En este sentido pretendemos que el egresado del Profesorado en Educaci\u00f3n Secundaria sea un docente comprometido \u00e9tica y pol\u00edticamente con los procesos culturales, sociales, est\u00e9ticos de la sociedad en la que vive.<\/p>\n\n\n\n<p class=\"has-contrast-color has-text-color\">Por lo expuesto se aspira a formar un docente para la educaci\u00f3n secundaria con capacidad de:<\/p>\n\n\n\n<ul>\n<li>Asumirse como sujeto aut\u00f3nomo, creativo, con responsabilidad profesional para la toma de decisiones.<\/li>\n\n\n\n<li>Contextualizar las intervenciones de ense\u00f1anza en pos de encontrar diferentes y mejores formas de posibilitar los aprendizajes de los alumnos\/ as y apoyar procesos democr\u00e1ticos al interior de las instituciones educativas y de las aulas.<\/li>\n\n\n\n<li>Posicionarse comprometidamente en la configuraci\u00f3n y consolidaci\u00f3n de su identidad como profesional docente.<\/li>\n\n\n\n<li>Construir espacios de trabajo compartido y colaborativo en las instituciones educativas.<\/li>\n\n\n\n<li>Comprender determinados marcos conceptuales que lo habiliten para seguir profundizando en la disciplina, transformando esos conocimientos en contenidos a ser ense\u00f1ados.<\/li>\n\n\n\n<li>Seleccionar, dise\u00f1ar y utilizar diversos recursos did\u00e1cticos, como elementos de laboratorio, las TIC, entre otros, en situaciones de ense\u00f1anza formal y no formal.<\/li>\n\n\n\n<li>Interactuar en diferentes contextos, roles y funciones.<\/li>\n\n\n\n<li>Implementar reflexivamente los dise\u00f1os curriculares del nivel secundario vigentes en sus diferentes modalidades.<\/li>\n\n\n\n<li>Construir y desarrollar dispositivos pedag\u00f3gicos-disciplinares para atender a la diversidad y la integraci\u00f3n de los sujetos, desde la confianza en sus posibilidades de aprender y la compresi\u00f3n de su comunidad.<\/li>\n\n\n\n<li>Comprometerse con una concepci\u00f3n de evaluaci\u00f3n multidimensional y multirreferencial tanto de los aprendizajes como de la ense\u00f1anza.<\/li>\n<\/ul>\n\n\n\n<h3 class=\"entry-title\" style=\"background-color: #dd4816;\"><span style=\"color: #ffffff;\">Plan de Estudios<\/span><\/h3>\n\n\n\n<p><\/p>\n\n\n\n<style>\n        details { \n      background-color: #f6f8fa;\n      width: 100%;\n      margin-bottom: 1rem;   \n      border-radius: 8px;  \n      border: 1px solid #d8e0e9;\n      color: #364f6b;\n      position: relative;\n    }\n\n    details summary {  \n      font-weight: 400;\n      font-size: 1.25rem;\n      padding: 1rem;\n      cursor: pointer;\n      list-style: none;\n    }\n\n    details p {\n      padding: 1rem;\n      margin: 0 1rem 1rem 1rem;\n      background: #f6f8fa;\n      border-left: 2px solid #364f6b;\n    }\n    \n    <\/style>\n\n   <!--PROFESORADO Matem\u00e1tica-->\n    <div>\n            <details>\n                <summary>1er a\u00f1o<\/summary>\n                <ul>\n                    <li>Pedagog\u00eda<\/li>\n                    <li>Corporeidad, juegos y lenguajes art\u00edsticos<\/li>\n                    <li>Oralidad, lectura, escritura y TIC<\/li>\n                    <li>Did\u00e1ctica General<\/li>\n                    <li>Biolog\u00eda General<\/li>\n                    <li>Matem\u00e1tica<\/li>\n                    <li>Qu\u00edmica<\/li>\n                    <li>F\u00edsica<\/li>\n                    <li>Ciencias de la Tierra<\/li>\n                    <li>Pr\u00e1ctica docente I<\/li>\n                <\/ul>\n            <\/details>\n            <details>\n                <summary>2do a\u00f1o<\/summary>\n                <ul>\n                    <li>Psicolog\u00eda de educacional<\/li>\n                    <li>Historia social, pol\u00edtica argentina y latinoamericana<\/li>\n                    <li>Filosof\u00eda<\/li>\n                    <li>Educaci\u00f3n sexual integral<\/li>\n                    <li>Biolog\u00eda Celular y Molecular<\/li>\n                    <li>Reinos Unicelulares<\/li>\n                    <li>Did\u00e1ctica de las Ciencias Naturales<\/li>\n                    <li>Biolog\u00eda Humana<\/li>\n                    <li>Sujeto de la Educaci\u00f3n Secundaria<\/li>\n                    <li>Pr\u00e1ctica docente II<\/li>\n                <\/ul>\n            <\/details>\n            <details>\n                <summary>3er a\u00f1o<\/summary>\n                <ul>\n                    <li>Sociolog\u00eda de la educaci\u00f3n<\/li>\n                    <li>Historia de la educaci\u00f3n argentina<\/li>\n                    <li>An\u00e1lisis y organizaci\u00f3n de las instituciones educativas<\/li>\n                    <li>Did\u00e1ctica de la Biolog\u00eda<\/li>\n                    <li>Reino Animal<\/li>\n                    <li>Epistemolog\u00eda de la Biolog\u00eda<\/li>\n                    <li>Reinos Pluricelulares<\/li>\n                    <li>UDI<\/li>\n                    <li>Pr\u00e1ctica docente III<\/li>\n                <\/ul>\n            <\/details>\n            <details>\n                <summary>4to a\u00f1o<\/summary>\n                <ul>\n                    <li>Derechos humanos: \u00e9tica y ciudadan\u00eda<\/li>\n                    <li>Salud y Ambiente<\/li>\n                    <li>Evoluci\u00f3n<\/li>\n                    <li>Gen\u00e9tica<\/li>\n                    <li>Ecolog\u00eda<\/li>\n                    <li>UDI<\/li>\n                    <li>Pr\u00e1ctica docente IV<\/li>\n                <\/ul>\n            <\/details>\n    <\/div>\n\n\n\n<h3 class=\"entry-title\" style=\"background-color: #dd4816;\"><span style=\"color: #ffffff;\">R\u00e9gimen de Correlatividades<\/span><\/h3>\n\n\n\n<p><\/p>\n\n\n\n<div class=\"wp-block-file\"><object class=\"wp-block-file__embed\" data=\"https:\/\/enssagarna-ers.infd.edu.ar\/sitio\/wp-content\/uploads\/2024\/10\/Regimen-de-Correlatividades-Profesorado-de-Biologia-Res-0761-14-CGE.pdf\" type=\"application\/pdf\" style=\"width:100%;height:600px\" aria-label=\"Incrustado de R\u00e9gimen de Correlatividades Profesorado de Biologia Res 0761-14 CGE.\"><\/object><a id=\"wp-block-file--media-0110c999-0eb3-4bd0-8587-b9972e2bdb65\" href=\"https:\/\/enssagarna-ers.infd.edu.ar\/sitio\/wp-content\/uploads\/2024\/10\/Regimen-de-Correlatividades-Profesorado-de-Biologia-Res-0761-14-CGE.pdf\">R\u00e9gimen de Correlatividades Profesorado de Biologia Res 0761-14 CGE<\/a><a href=\"https:\/\/enssagarna-ers.infd.edu.ar\/sitio\/wp-content\/uploads\/2024\/10\/Regimen-de-Correlatividades-Profesorado-de-Biologia-Res-0761-14-CGE.pdf\" class=\"wp-block-file__button wp-element-button\" download aria-describedby=\"wp-block-file--media-0110c999-0eb3-4bd0-8587-b9972e2bdb65\">Descarga<\/a><\/div>\n","protected":false},"excerpt":{"rendered":"<p>T\u00edtulo que se otorga: Profesor\/a de Educaci\u00f3n Secundaria en Biolog\u00eda Duraci\u00f3n:&nbsp;4 a\u00f1os Resoluci\u00f3n 0761\/14 CGE:\u00a0\u00a0Descargar Perfil del egresado La construcci\u00f3n de un dise\u00f1o curricular para la formaci\u00f3n docente inicial, nos posibilita resignificar la profesi\u00f3n docente, de manera tal de pensarla y concebirla como una pr\u00e1ctica reflexiva y critica. En este sentido pretendemos que el egresado &#8230; <a title=\"Profesorado de Educaci\u00f3n Secundaria en Biolog\u00eda\" class=\"read-more\" href=\"https:\/\/enssagarna-ers.infd.edu.ar\/sitio\/profesorado-de-educacion-secundaria-en-biologia\/\" aria-label=\"More on Profesorado de Educaci\u00f3n Secundaria en Biolog\u00eda\">[+]<\/a><\/p>\n","protected":false},"author":99,"featured_media":0,"parent":0,"menu_order":0,"comment_status":"closed","ping_status":"closed","template":"","meta":[],"acf":[],"_links":{"self":[{"href":"https:\/\/enssagarna-ers.infd.edu.ar\/sitio\/wp-json\/wp\/v2\/pages\/2157"}],"collection":[{"href":"https:\/\/enssagarna-ers.infd.edu.ar\/sitio\/wp-json\/wp\/v2\/pages"}],"about":[{"href":"https:\/\/enssagarna-ers.infd.edu.ar\/sitio\/wp-json\/wp\/v2\/types\/page"}],"author":[{"embeddable":true,"href":"https:\/\/enssagarna-ers.infd.edu.ar\/sitio\/wp-json\/wp\/v2\/users\/99"}],"replies":[{"embeddable":true,"href":"https:\/\/enssagarna-ers.infd.edu.ar\/sitio\/wp-json\/wp\/v2\/comments?post=2157"}],"version-history":[{"count":5,"href":"https:\/\/enssagarna-ers.infd.edu.ar\/sitio\/wp-json\/wp\/v2\/pages\/2157\/revisions"}],"predecessor-version":[{"id":2166,"href":"https:\/\/enssagarna-ers.infd.edu.ar\/sitio\/wp-json\/wp\/v2\/pages\/2157\/revisions\/2166"}],"wp:attachment":[{"href":"https:\/\/enssagarna-ers.infd.edu.ar\/sitio\/wp-json\/wp\/v2\/media?parent=2157"}],"curies":[{"name":"wp","href":"https:\/\/api.w.org\/{rel}","templated":true}]}}