{"id":2025,"date":"2023-10-25T22:12:15","date_gmt":"2023-10-26T01:12:15","guid":{"rendered":"https:\/\/enssagarna-ers.infd.edu.ar\/sitio\/?page_id=2025"},"modified":"2025-09-30T21:20:59","modified_gmt":"2025-10-01T00:20:59","slug":"inscripcion-a-carreras","status":"publish","type":"page","link":"https:\/\/enssagarna-ers.infd.edu.ar\/sitio\/inscripcion-a-carreras\/","title":{"rendered":"Inscripci\u00f3n a Carreras"},"content":{"rendered":"\n<div class=\"alignnormal\"><div id=\"metaslider-id-1043\" style=\"width: 100%;\" class=\"ml-slider-3-33-0 metaslider metaslider-flex metaslider-1043 ml-slider ms-theme-default\" role=\"region\" aria-roledescription=\"Slideshow\" aria-label=\"Slideshow\">\n    <div id=\"metaslider_container_1043\">\n        <div id=\"metaslider_1043\" class=\"flexslider\">\n            <ul aria-live=\"polite\" class=\"slides\">\n                <li style=\"display: none; width: 100%;\" class=\"slide-2095 ms-image\" aria-roledescription=\"slide\" aria-label=\"slide-2095\"><a href=\"https:\/\/enssagarna-ers.infd.edu.ar\/sitio\/tecnicatura-superior-en-analisis-y-desarrollo-de-software-3\/\" target=\"_self\"><img src=\"https:\/\/enssagarna-ers.infd.edu.ar\/sitio\/wp-content\/uploads\/2023\/11\/Banner-para-SOFTWARE-1-1182x200.png\" height=\"203\" width=\"1200\" alt=\"\" class=\"slider-1043 slide-2095\" title=\"Banner-para-SOFTWARE-1\" \/><\/a><\/li>\n                <li style=\"display: none; width: 100%;\" class=\"slide-2094 ms-image\" aria-roledescription=\"slide\" aria-label=\"slide-2094\"><a href=\"https:\/\/enssagarna-ers.infd.edu.ar\/sitio\/profesorado-de-educacion-secundaria-en-matematica-2\/\" target=\"_self\"><img src=\"https:\/\/enssagarna-ers.infd.edu.ar\/sitio\/wp-content\/uploads\/2023\/11\/Banner-para-MATEMATICA-1182x200.png\" height=\"203\" width=\"1200\" alt=\"\" class=\"slider-1043 slide-2094\" title=\"Banner-para-MATEMATICA\" \/><\/a><\/li>\n                <li style=\"display: none; width: 100%;\" class=\"slide-2093 ms-image\" aria-roledescription=\"slide\" aria-label=\"slide-2093\"><a href=\"https:\/\/enssagarna-ers.infd.edu.ar\/sitio\/tecnicatura-superior-en-enfermeria-2\/\" target=\"_self\"><img src=\"https:\/\/enssagarna-ers.infd.edu.ar\/sitio\/wp-content\/uploads\/2023\/09\/Banner-ENFERMERIA-1182x200.png\" height=\"203\" width=\"1200\" alt=\"\" class=\"slider-1043 slide-2093\" title=\"Banner ENFERMER\u00cdA\" \/><\/a><\/li>\n                <li style=\"display: none; width: 100%;\" class=\"slide-2097 ms-image\" aria-roledescription=\"slide\" aria-label=\"slide-2097\"><a href=\"https:\/\/enssagarna-ers.infd.edu.ar\/sitio\/profesorado-de-educacion-primaria-2\/\" target=\"_self\"><img src=\"https:\/\/enssagarna-ers.infd.edu.ar\/sitio\/wp-content\/uploads\/2021\/06\/Copia-de-Profesorado-de-educaci\u00f3n-primaria-1182x200.png\" height=\"203\" width=\"1200\" alt=\"\" class=\"slider-1043 slide-2097\" title=\"Copia de Profesorado de educaci\u00f3n primaria\" \/><\/a><\/li>\n                <li style=\"display: none; width: 100%;\" class=\"slide-2167 ms-image\" aria-roledescription=\"slide\" aria-label=\"slide-2167\"><a href=\"https:\/\/enssagarna-ers.infd.edu.ar\/sitio\/profesorado-de-educacion-secundaria-en-biologia\/\" target=\"_self\"><img src=\"https:\/\/enssagarna-ers.infd.edu.ar\/sitio\/wp-content\/uploads\/2024\/10\/Banner-para-BIOLOGIA-1182x200.png\" height=\"203\" width=\"1200\" alt=\"\" class=\"slider-1043 slide-2167\" title=\"Banner-para-BIOLOGIA\" \/><\/a><\/li>\n            <\/ul>\n        <\/div>\n        \n    <\/div>\n<\/div><\/div>\n\n\n\n<h2 class=\"wp-block-heading has-base-3-color has-text-color has-background has-medium-font-size\" style=\"background-color:#5770dde6;font-style:normal;font-weight:800\">Pre inscripci\u00f3n desde el 1 hasta el 31 de Octubre de 2025<\/h2>\n\n\n\n<p>Accede al formulario de Pre-Inscripci\u00f3n haciendo clic en la imagen:<\/p>\n\n\n\n<figure class=\"wp-block-image size-full\"><a href=\"https:\/\/docs.google.com\/forms\/d\/e\/1FAIpQLSfNwa0ii2huZQCyEJX_kBbK06QT8PT3aHrizNDkEtiPRhLPOw\/viewform\" target=\"_blank\" rel=\"noreferrer noopener\"><img decoding=\"async\" loading=\"lazy\" width=\"1536\" height=\"500\" src=\"https:\/\/enssagarna-ers.infd.edu.ar\/sitio\/wp-content\/uploads\/2025\/09\/Banner-PreInscripcion-Superior-2026.png\" alt=\"\" class=\"wp-image-2221\" srcset=\"https:\/\/enssagarna-ers.infd.edu.ar\/sitio\/wp-content\/uploads\/2025\/09\/Banner-PreInscripcion-Superior-2026.png 1536w, https:\/\/enssagarna-ers.infd.edu.ar\/sitio\/wp-content\/uploads\/2025\/09\/Banner-PreInscripcion-Superior-2026-1000x326.png 1000w, https:\/\/enssagarna-ers.infd.edu.ar\/sitio\/wp-content\/uploads\/2025\/09\/Banner-PreInscripcion-Superior-2026-768x250.png 768w\" sizes=\"(max-width: 1536px) 100vw, 1536px\" \/><\/a><\/figure>\n\n\n\n<p><\/p>\n\n\n\n<p><\/p>\n\n\n\n<h2 class=\"wp-block-heading has-base-3-color has-text-color has-background has-medium-font-size\" style=\"background-color:#5770dde6;font-style:normal;font-weight:800\">Es requisito para la inscripci\u00f3n de los estudiantes en las diferentes carreras de la Educaci\u00f3n Superior, traer la siguiente documentaci\u00f3n:<\/h2>\n\n\n\n<ul>\n<li>copia del t\u00edtulo de <strong>Nivel Secundario<\/strong> debidamente <strong>legalizado<\/strong> o <strong>Certificado de titulo en tramite<\/strong> <strong>y\/o finalizaci\u00f3n<\/strong> de estudios de la Educaci\u00f3n Secundaria<\/li>\n\n\n\n<li>Fotocopia del <strong>Documento Nacional de Identidad<\/strong> (ambos lados)<\/li>\n\n\n\n<li>2 fotos 4&#215;4 del rostro con fondo blanco<\/li>\n\n\n\n<li>Constancia de <strong>CUIL <\/strong>emitida por ANSES<\/li>\n\n\n\n<li>Copia del <strong>Acta de Nacimiento<\/strong> actualizada por Registro Civil\/Juzgado de Paz.<\/li>\n\n\n\n<li>Copia del <strong>CUD <\/strong>(Certificado \u00danico de Discapacidad) en caso de que corresponda.<\/li>\n\n\n\n<li>Carpeta Archivadora<\/li>\n\n\n\n<li><strong>Planilla de Inscripci\u00f3n<\/strong> COMPLETA<\/li>\n\n\n\n<li>Para la carrera de <strong>ENFERMER\u00cdA<\/strong>: planilla <strong>psicof\u00edsica <\/strong>completa<\/li>\n<\/ul>\n\n\n\n<blockquote class=\"wp-block-quote\">\n<p class=\"has-contrast-color has-contrast-3-background-color has-text-color has-background has-medium-font-size\">En el mes de <strong>febrero <\/strong>se notificar\u00e1 por medio de las redes sociales de la instituci\u00f3n, a partir de cuando se debe traer la documentaci\u00f3n<\/p>\n<\/blockquote>\n\n\n\n<h2 class=\"wp-block-heading has-medium-font-size\">Planillas para descargar:<\/h2>\n\n\n\n<div class=\"wp-block-columns is-layout-flex wp-container-3\">\n<div class=\"wp-block-column is-layout-flow\">\n<figure class=\"wp-block-image size-full\"><a href=\"https:\/\/enssagarna-ers.infd.edu.ar\/sitio\/wp-content\/uploads\/2024\/02\/Formulario-de-Inscripcion.pdf\" target=\"_blank\" rel=\"noreferrer noopener\"><img decoding=\"async\" loading=\"lazy\" width=\"600\" height=\"150\" src=\"https:\/\/enssagarna-ers.infd.edu.ar\/sitio\/wp-content\/uploads\/2023\/09\/planilla-inscripcion.png\" alt=\"\" class=\"wp-image-1894\"\/><\/a><\/figure>\n<\/div>\n\n\n\n<div class=\"wp-block-column is-layout-flow\">\n<figure class=\"wp-block-image size-full\"><a href=\"https:\/\/enssagarna-ers.infd.edu.ar\/sitio\/wp-content\/uploads\/2023\/09\/Ficha-unica-de-aptitud-fisica-enfermeria.pdf\" target=\"_blank\" rel=\"noreferrer noopener\"><img decoding=\"async\" loading=\"lazy\" width=\"600\" height=\"150\" src=\"https:\/\/enssagarna-ers.infd.edu.ar\/sitio\/wp-content\/uploads\/2023\/09\/planilla-psicofisico-ENFERMERIA.png\" alt=\"\" class=\"wp-image-1895\"\/><\/a><\/figure>\n<\/div>\n<\/div>\n","protected":false},"excerpt":{"rendered":"<p>Pre inscripci\u00f3n desde el 1 hasta el 31 de Octubre de 2025 Accede al formulario de Pre-Inscripci\u00f3n haciendo clic en la imagen: Es requisito para la inscripci\u00f3n de los estudiantes en las diferentes carreras de la Educaci\u00f3n Superior, traer la siguiente documentaci\u00f3n: En el mes de febrero se notificar\u00e1 por medio de las redes sociales &#8230; <a title=\"Inscripci\u00f3n a Carreras\" class=\"read-more\" href=\"https:\/\/enssagarna-ers.infd.edu.ar\/sitio\/inscripcion-a-carreras\/\" aria-label=\"More on Inscripci\u00f3n a Carreras\">[+]<\/a><\/p>\n","protected":false},"author":99,"featured_media":0,"parent":0,"menu_order":0,"comment_status":"closed","ping_status":"closed","template":"","meta":[],"acf":[],"_links":{"self":[{"href":"https:\/\/enssagarna-ers.infd.edu.ar\/sitio\/wp-json\/wp\/v2\/pages\/2025"}],"collection":[{"href":"https:\/\/enssagarna-ers.infd.edu.ar\/sitio\/wp-json\/wp\/v2\/pages"}],"about":[{"href":"https:\/\/enssagarna-ers.infd.edu.ar\/sitio\/wp-json\/wp\/v2\/types\/page"}],"author":[{"embeddable":true,"href":"https:\/\/enssagarna-ers.infd.edu.ar\/sitio\/wp-json\/wp\/v2\/users\/99"}],"replies":[{"embeddable":true,"href":"https:\/\/enssagarna-ers.infd.edu.ar\/sitio\/wp-json\/wp\/v2\/comments?post=2025"}],"version-history":[{"count":19,"href":"https:\/\/enssagarna-ers.infd.edu.ar\/sitio\/wp-json\/wp\/v2\/pages\/2025\/revisions"}],"predecessor-version":[{"id":2230,"href":"https:\/\/enssagarna-ers.infd.edu.ar\/sitio\/wp-json\/wp\/v2\/pages\/2025\/revisions\/2230"}],"wp:attachment":[{"href":"https:\/\/enssagarna-ers.infd.edu.ar\/sitio\/wp-json\/wp\/v2\/media?parent=2025"}],"curies":[{"name":"wp","href":"https:\/\/api.w.org\/{rel}","templated":true}]}}