{"id":1999,"date":"2023-09-19T20:30:28","date_gmt":"2023-09-19T23:30:28","guid":{"rendered":"https:\/\/enssagarna-ers.infd.edu.ar\/sitio\/?page_id=1999"},"modified":"2025-04-16T22:30:12","modified_gmt":"2025-04-17T01:30:12","slug":"solicitud-de-equivalencias","status":"publish","type":"page","link":"https:\/\/enssagarna-ers.infd.edu.ar\/sitio\/solicitud-de-equivalencias\/","title":{"rendered":"Solicitud de Equivalencias"},"content":{"rendered":"\n<p>Seg\u00fan lo establecido por el <strong>\u00abR\u00e9gimen Acad\u00e9mico Marco\u00bb (R.A.M.)<\/strong>: <strong>Resoluci\u00f3n 0249\/24 del C.G.E.<\/strong><\/p>\n\n\n\n<p><strong>Art\u00edculo 52\u00b0<\/strong>: Los estudiantes de Educaci\u00f3n Superior pueden solicitar equivalencias cuando hubieren aprobado en forma total o parcial, estudios de Nivel Superior correspondientes a carreras con t\u00edtulos con Validez Nacional. Las solicitudes ser\u00e1n consideradas para su evaluaci\u00f3n cuando la aprobaci\u00f3n de la catedra por la cual se solicita la equivalencia no sea mayor a 10 anos.<\/p>\n\n\n\n<p><strong>Art\u00edculo 55<\/strong>\u00b0: La solicitud de equivalencia deber\u00e1 ser presentada al initio del ciclo lectivo. En todos los casos se ajustara a lo establecido por el r\u00e9gimen de correlatividades de cada carrera. Dichas solicitudes se realizaran por \u00fanica vez durante el mes de febrero de cada ano acad\u00e9mico y ser\u00e1 resuelto en un plazo de 45 (cuarenta y cinto) d\u00edas corridos, desde su presentaci\u00f3n<\/p>\n\n\n\n<p><strong>Art\u00edculo 58\u00b0: <\/strong>Para el otorgamiento de equivalencias de unidades curriculares se considera la dependencia de la instituci\u00f3n de procedencia, el campo de la formaci\u00f3n y el tiempo de cursado de la misma. A saber:<\/p>\n\n\n\n<ol>\n<li>Se realizar\u00e1 la equivalencia directa de todos los espacios curriculares cuando el estudiante proviene de una instituci\u00f3n con la misma carrera y el mismo plan de estudios.<\/li>\n\n\n\n<li>Se otorgara equivalencia directa de unidades curriculares pertenecientes al Campo de la Formaci\u00f3n General, de carreras de Formaci\u00f3n Docente o Formaci\u00f3n T\u00e9cnico Profesional.<\/li>\n\n\n\n<li>En ambos casos (1 y 2) para cumplimentar dicho tramite el estudiante deber\u00e1 presentar anal\u00edtico debidamente certificado de la instituci\u00f3n de origen y nota solicitando la equivalencia directa. El tramite es autom\u00e1tico y quedara registrado en un libro de actas destinado a tal fin.<\/li>\n<\/ol>\n\n\n\n<h3 class=\"entry-title\" style=\"background-color: #dd4816;\"><span style=\"color: #ffffff;\">Documentaci\u00f3n Necesaria<\/span><\/h3>\n\n\n\n<p><\/p>\n\n\n\n<p><strong>Art\u00edculo 59\u00b0:<\/strong> Para la solicitud de equivalencias de otras carreras o de la misma carrera con diferente plan de estudio, el interesado deber\u00e1 presentar por cada unidad curricular la siguiente documentaci\u00f3n:<\/p>\n\n\n\n<ul>\n<li>Formulario de solicitud de equivalencia por unidad curricular digital (ANEXO II) ante Rector\u00eda\/Secretaria Acad\u00e9mica o Referente Acad\u00e9mico\/Secretaria Administrativa.<\/li>\n\n\n\n<li>Anal\u00edtico del plan de estudios correspondiente a la carrera cursada y aprobada, debidamente certificado por la instituci\u00f3n de origen.<\/li>\n\n\n\n<li>Copia\/s certificadas del o lo\/s proyecto\/s de catedra de la\/s unidad\/es curricular\/es que se consideran equivalentes.<\/li>\n<\/ul>\n\n\n\n<blockquote class=\"wp-block-quote\">\n<p class=\"has-contrast-3-background-color has-background has-medium-font-size\"><strong>ACLARACIONES:<\/strong><\/p>\n<cite><strong>ART\u00cdCULO 53\u00b0:<\/strong> No se considerara una solicitud de equivalencia a los concursos, acciones de desarrollo profesional, formaci\u00f3n continua y\/o cursos, seminarios, m\u00f3dulos\/ n\u00facleos y unidades curriculares que correspondan a Post\u00edtulos y Posgrados.<br><br><strong>ART\u00cdCULO 54\u00b0:<\/strong> La aprobaci\u00f3n de unidades curriculares como estudiante Especial no habilita la posibilidad de solicitar equivalencia en carreras de Formaci\u00f3n Inicial.<br><br><strong>ART\u00cdCULO 57\u00b0: <\/strong> Mientras se lleve adelante el tramite de equivalencias, el\/la estudiante podr\u00e1 elegir cursar la\/s unidad\/es curricular\/es en la\/s que ha iniciado el mismo.<\/cite><\/blockquote>\n\n\n\n<p><\/p>\n\n\n\n<blockquote class=\"wp-block-quote is-style-default has-contrast-color has-base-background-color has-text-color has-background has-medium-font-size\">\n<p><a href=\"https:\/\/enssagarna-ers.infd.edu.ar\/sitio\/wp-content\/uploads\/2024\/02\/Formulario-de-Solicitud-de-Equivalencia.pdf\" target=\"_blank\" rel=\"noreferrer noopener\">Presionando aqu\u00ed puedes descargar el Formulario de Solicitud de equivalencia<\/a><\/p>\n<\/blockquote>\n\n\n\n<p><\/p>\n","protected":false},"excerpt":{"rendered":"<p>Seg\u00fan lo establecido por el \u00abR\u00e9gimen Acad\u00e9mico Marco\u00bb (R.A.M.): Resoluci\u00f3n 0249\/24 del C.G.E. Art\u00edculo 52\u00b0: Los estudiantes de Educaci\u00f3n Superior pueden solicitar equivalencias cuando hubieren aprobado en forma total o parcial, estudios de Nivel Superior correspondientes a carreras con t\u00edtulos con Validez Nacional. Las solicitudes ser\u00e1n consideradas para su evaluaci\u00f3n cuando la aprobaci\u00f3n de la &#8230; <a title=\"Solicitud de Equivalencias\" class=\"read-more\" href=\"https:\/\/enssagarna-ers.infd.edu.ar\/sitio\/solicitud-de-equivalencias\/\" aria-label=\"More on Solicitud de Equivalencias\">[+]<\/a><\/p>\n","protected":false},"author":99,"featured_media":0,"parent":0,"menu_order":0,"comment_status":"closed","ping_status":"closed","template":"","meta":[],"acf":[],"_links":{"self":[{"href":"https:\/\/enssagarna-ers.infd.edu.ar\/sitio\/wp-json\/wp\/v2\/pages\/1999"}],"collection":[{"href":"https:\/\/enssagarna-ers.infd.edu.ar\/sitio\/wp-json\/wp\/v2\/pages"}],"about":[{"href":"https:\/\/enssagarna-ers.infd.edu.ar\/sitio\/wp-json\/wp\/v2\/types\/page"}],"author":[{"embeddable":true,"href":"https:\/\/enssagarna-ers.infd.edu.ar\/sitio\/wp-json\/wp\/v2\/users\/99"}],"replies":[{"embeddable":true,"href":"https:\/\/enssagarna-ers.infd.edu.ar\/sitio\/wp-json\/wp\/v2\/comments?post=1999"}],"version-history":[{"count":10,"href":"https:\/\/enssagarna-ers.infd.edu.ar\/sitio\/wp-json\/wp\/v2\/pages\/1999\/revisions"}],"predecessor-version":[{"id":2190,"href":"https:\/\/enssagarna-ers.infd.edu.ar\/sitio\/wp-json\/wp\/v2\/pages\/1999\/revisions\/2190"}],"wp:attachment":[{"href":"https:\/\/enssagarna-ers.infd.edu.ar\/sitio\/wp-json\/wp\/v2\/media?parent=1999"}],"curies":[{"name":"wp","href":"https:\/\/api.w.org\/{rel}","templated":true}]}}