{"id":1962,"date":"2023-09-14T20:45:11","date_gmt":"2023-09-14T23:45:11","guid":{"rendered":"https:\/\/enssagarna-ers.infd.edu.ar\/sitio\/?page_id=1962"},"modified":"2026-03-12T18:35:37","modified_gmt":"2026-03-12T21:35:37","slug":"tecnicatura-superior-en-analisis-y-desarrollo-de-software-3","status":"publish","type":"page","link":"https:\/\/enssagarna-ers.infd.edu.ar\/sitio\/tecnicatura-superior-en-analisis-y-desarrollo-de-software-3\/","title":{"rendered":"Tecnicatura Superior en An\u00e1lisis y Desarrollo de Software"},"content":{"rendered":"\n<figure class=\"wp-block-image size-full\"><img decoding=\"async\" loading=\"lazy\" width=\"1200\" height=\"200\" src=\"https:\/\/enssagarna-ers.infd.edu.ar\/sitio\/wp-content\/uploads\/2023\/11\/Banner-para-SOFTWARE-1.png\" alt=\"\" class=\"wp-image-2079\" srcset=\"https:\/\/enssagarna-ers.infd.edu.ar\/sitio\/wp-content\/uploads\/2023\/11\/Banner-para-SOFTWARE-1.png 1200w, https:\/\/enssagarna-ers.infd.edu.ar\/sitio\/wp-content\/uploads\/2023\/11\/Banner-para-SOFTWARE-1-1000x167.png 1000w, https:\/\/enssagarna-ers.infd.edu.ar\/sitio\/wp-content\/uploads\/2023\/11\/Banner-para-SOFTWARE-1-768x128.png 768w, https:\/\/enssagarna-ers.infd.edu.ar\/sitio\/wp-content\/uploads\/2023\/11\/Banner-para-SOFTWARE-1-400x68.png 400w\" sizes=\"(max-width: 1200px) 100vw, 1200px\" \/><\/figure>\n\n\n\n<div class=\"wp-block-columns is-layout-flex wp-container-3\">\n<div class=\"wp-block-column is-layout-flow\" style=\"flex-basis:66.66%\">\n<p><strong>T\u00edtulo que se otorga<\/strong>: T\u00e9cnico Superior en An\u00e1lisis y Desarrollo de Software.<\/p>\n\n\n\n<p><strong>Duraci\u00f3n:<\/strong> 3 a\u00f1os<\/p>\n\n\n\n<p><strong>Resoluci\u00f3n 5083\/23 CGE<\/strong>: <a rel=\"noreferrer noopener\" href=\"https:\/\/enssagarna-ers.infd.edu.ar\/sitio\/wp-content\/uploads\/2024\/09\/5083-23-CGE-Diseno-Curricular-Tec-Sup-en-A-y-D-de-Software.pdf\" target=\"_blank\">Descargar<\/a><\/p>\n<\/div>\n\n\n\n<div class=\"wp-block-column is-layout-flow\" style=\"flex-basis:33.33%\">\n<figure class=\"wp-block-image size-full\"><a href=\"https:\/\/enssagarna-ers.infd.edu.ar\/sitio\/inscripcion-a-carreras\/\"><img decoding=\"async\" loading=\"lazy\" width=\"600\" height=\"150\" src=\"https:\/\/enssagarna-ers.infd.edu.ar\/sitio\/wp-content\/uploads\/2023\/11\/Link-para-Inscripcion.png\" alt=\"\" class=\"wp-image-2044\"\/><\/a><\/figure>\n<\/div>\n<\/div>\n\n\n\n<p>El T\u00e9cnico Superior en An\u00e1lisis y Desarrollo de Software podr\u00e1 desarrollar tareas tanto en ambientes de trabajo colaborativo \/ distribuido como individualmente. Estar\u00e1 capacitado para producir artefactos de software, lo que comprende su modelado,<br>construcci\u00f3n \u2014reutilizaci\u00f3n de elementos existentes o program\u00e1ndolos enteramente- y gesti\u00f3n de la calidad &#8211; verificaci\u00f3n, depuraci\u00f3n, optimizaci\u00f3n- implementaci\u00f3n y mantenimiento. Estas actividades cumplir\u00e1n con los criterios establecidos en el marco<br>de un equipo de trabajo<\/p>\n\n\n\n<h3 class=\"entry-title\" style=\"background-color: #dd4816;\"><span style=\"color: #ffffff;\">Perfil del Profesional<\/span><\/h3>\n\n\n\n<p><\/p>\n\n\n\n<ul>\n<li>Gestar y realizar seguimiento de proyectos de software: el t\u00e9cnico podr\u00e1, individualmente o en equipo, realizar actividades vinculadas a la gestaci\u00f3n y gesti\u00f3n de un proyecto de Software.<\/li>\n\n\n\n<li>Modelizar artefactos de software: a partir de especificaciones, refin\u00e1ndolas para determinar el dise\u00f1o detallado y las caracter\u00edsticas de una soluci\u00f3n que las satisfaga en el contexto de su arquitectura del que forman parte.<\/li>\n\n\n\n<li>Construir y\/o desarrollar artefactos de software: seg\u00fan el dise\u00f1o realizado o recibido, aplicando patrones o reutilizando c\u00f3digo en la medida en que resulte posible. En funci\u00f3n de lo acordado para el proyecto, optimizara el desempe\u00f1o de lo que construya aplicando buenas practicas de programaci\u00f3n y documentaci\u00f3n.<\/li>\n\n\n\n<li>Implementar artefactos de software en las organizaciones: que surjan a partir del desarrollo o construcci\u00f3n por parte del t\u00e9cnico o bien adquirido de otros desarrolladores.<\/li>\n\n\n\n<li>Gestionar actividades de planificaci\u00f3n, aseguramiento y control de calidad: de artefactos de software y los procesos de desarrollo de los mismos.<\/li>\n\n\n\n<li>Gestionar sus propias actividades dentro del equipo de trabajo del proyecto en relaci\u00f3n con la planificaci\u00f3n (organizaci\u00f3n y control) de las tareas a realizar, el oportuno reporte de avances y dificultades y el registro y reflexi\u00f3n sobre lo realizado para capitalizar experiencias y estimar m\u00e9tricas aplicables a su  actividad. Obtener m\u00e9tricas a partir de los registros de actividades.<\/li>\n<\/ul>\n\n\n\n<h3 class=\"entry-title\" style=\"background-color: #dd4816;\"><span style=\"color: #ffffff;\">Plan de Estudios<\/span><\/h3>\n\n\n\n<p><\/p>\n\n\n\n<style>\n        details { \n      background-color: #f6f8fa;\n      width: 100%;\n      margin-bottom: 1rem;   \n      border-radius: 8px;  \n      border: 1px solid #d8e0e9;\n      color: #364f6b;\n      position: relative;\n    }\n\n    details summary {  \n      font-weight: 400;\n      font-size: 1.25rem;\n      padding: 1rem;\n      cursor: pointer;\n      list-style: none;\n    }\n\n    details p {\n      padding: 1rem;\n      margin: 0 1rem 1rem 1rem;\n      background: #f6f8fa;\n      border-left: 2px solid #364f6b;\n    }\n    \n    <\/style>\n\n   <!--SOFTWARE-->\n    <div>\n            <details>\n                <summary>1er a\u00f1o<\/summary>\n                <ul>\n                    <li>Problem\u00e1ticas Sociales, Econ\u00f3micas y Pol\u00edticas<\/li>\n                    <li>Matem\u00e1tica I<\/li>\n                    <li>L\u00f3gica<\/li>\n                    <li>Idioma Extranjero: Ingl\u00e9s T\u00e9cnico I<\/li>\n                    <li>Administraci\u00f3n y Gesti\u00f3n I<\/li>\n                    <li>Tecnolog\u00eda de la Informaci\u00f3n<\/li>\n                    <li>Programaci\u00f3n I<\/li>\n                    <li>Base de Datos<\/li>\n                    <li>Pr\u00e1cticas Profesionalizantes I<\/li>\n                <\/ul>\n            <\/details>\n            <details>\n                <summary>2do a\u00f1o<\/summary>\n                <ul>\n                    <li>\u00c9tica Profesional<\/li>\n                    <li>Matem\u00e1tica II<\/li>\n                    <li>Idioma Extranjero: Ingl\u00e9s T\u00e9cnico II<\/li>\n                    <li>Administraci\u00f3n y Gesti\u00f3n II<\/li>\n                    <li>An\u00e1lisis y Dise\u00f1o de Sistemas I<\/li>\n                    <li>Programaci\u00f3n II<\/li>\n                    <li>Programaci\u00f3n de Dispositivos M\u00f3viles<\/li>\n                    <li>Sistemas operativos y Redes<\/li>\n                    <li>Pr\u00e1ctica Profesionalizante II<\/li>\n                <\/ul>\n            <\/details>\n            <details>\n                <summary>3er a\u00f1o<\/summary>\n                <ul>\n                    <li>Derechos Humanos y ciudadan\u00eda<\/li>\n                    <li>Probabilidad y estad\u00edstica<\/li>\n                    <li>Legislaci\u00f3n Inform\u00e1tica<\/li>\n                    <li>An\u00e1lisis y Dise\u00f1o de Sistemas II<\/li>\n                    <li>Programaci\u00f3n III<\/li>\n                    <li>Auditor\u00eda de Sistemas<\/li>\n                    <li>Ingenier\u00eda de Software<\/li>\n                    <li>Pr\u00e1ctica Profesionalizante III<\/li>\n                <\/ul>\n            <\/details>\n    <\/div>\n\n\n\n<h3 class=\"entry-title\" style=\"background-color: #dd4816;\"><span style=\"color: #ffffff;\">R\u00e9gimen de Correlatividades<\/span><\/h3>\n\n\n\n<p><\/p>\n\n\n\n<div class=\"wp-block-file\"><object class=\"wp-block-file__embed\" data=\"https:\/\/enssagarna-ers.infd.edu.ar\/sitio\/wp-content\/uploads\/2024\/09\/Regimes-de-Correlatividades-5083-23-CGE-Tec-Sup-en-A-y-D-de-Software.pdf\" type=\"application\/pdf\" style=\"width:100%;height:600px\" aria-label=\"Incrustado de R\u00e9gimes de Correlatividades 5083-23 CGE -Tec Sup en A y D de Software.\"><\/object><a id=\"wp-block-file--media-8a87e598-d469-4ddf-9718-f1e2eb01e3c6\" href=\"https:\/\/enssagarna-ers.infd.edu.ar\/sitio\/wp-content\/uploads\/2024\/09\/Regimes-de-Correlatividades-5083-23-CGE-Tec-Sup-en-A-y-D-de-Software.pdf\">R\u00e9gimes de Correlatividades 5083-23 CGE -Tec Sup en A y D de Software<\/a><a href=\"https:\/\/enssagarna-ers.infd.edu.ar\/sitio\/wp-content\/uploads\/2024\/09\/Regimes-de-Correlatividades-5083-23-CGE-Tec-Sup-en-A-y-D-de-Software.pdf\" class=\"wp-block-file__button wp-element-button\" download aria-describedby=\"wp-block-file--media-8a87e598-d469-4ddf-9718-f1e2eb01e3c6\">Descarga<\/a><\/div>\n","protected":false},"excerpt":{"rendered":"<p>T\u00edtulo que se otorga: T\u00e9cnico Superior en An\u00e1lisis y Desarrollo de Software. Duraci\u00f3n: 3 a\u00f1os Resoluci\u00f3n 5083\/23 CGE: Descargar El T\u00e9cnico Superior en An\u00e1lisis y Desarrollo de Software podr\u00e1 desarrollar tareas tanto en ambientes de trabajo colaborativo \/ distribuido como individualmente. Estar\u00e1 capacitado para producir artefactos de software, lo que comprende su modelado,construcci\u00f3n \u2014reutilizaci\u00f3n de &#8230; <a title=\"Tecnicatura Superior en An\u00e1lisis y Desarrollo de Software\" class=\"read-more\" href=\"https:\/\/enssagarna-ers.infd.edu.ar\/sitio\/tecnicatura-superior-en-analisis-y-desarrollo-de-software-3\/\" aria-label=\"More on Tecnicatura Superior en An\u00e1lisis y Desarrollo de Software\">[+]<\/a><\/p>\n","protected":false},"author":99,"featured_media":0,"parent":0,"menu_order":0,"comment_status":"closed","ping_status":"closed","template":"","meta":[],"acf":[],"_links":{"self":[{"href":"https:\/\/enssagarna-ers.infd.edu.ar\/sitio\/wp-json\/wp\/v2\/pages\/1962"}],"collection":[{"href":"https:\/\/enssagarna-ers.infd.edu.ar\/sitio\/wp-json\/wp\/v2\/pages"}],"about":[{"href":"https:\/\/enssagarna-ers.infd.edu.ar\/sitio\/wp-json\/wp\/v2\/types\/page"}],"author":[{"embeddable":true,"href":"https:\/\/enssagarna-ers.infd.edu.ar\/sitio\/wp-json\/wp\/v2\/users\/99"}],"replies":[{"embeddable":true,"href":"https:\/\/enssagarna-ers.infd.edu.ar\/sitio\/wp-json\/wp\/v2\/comments?post=1962"}],"version-history":[{"count":18,"href":"https:\/\/enssagarna-ers.infd.edu.ar\/sitio\/wp-json\/wp\/v2\/pages\/1962\/revisions"}],"predecessor-version":[{"id":2233,"href":"https:\/\/enssagarna-ers.infd.edu.ar\/sitio\/wp-json\/wp\/v2\/pages\/1962\/revisions\/2233"}],"wp:attachment":[{"href":"https:\/\/enssagarna-ers.infd.edu.ar\/sitio\/wp-json\/wp\/v2\/media?parent=1962"}],"curies":[{"name":"wp","href":"https:\/\/api.w.org\/{rel}","templated":true}]}}