{"id":1718,"date":"2022-02-21T19:32:46","date_gmt":"2022-02-21T22:32:46","guid":{"rendered":"https:\/\/enssagarna-ers.infd.edu.ar\/sitio\/?page_id=1718"},"modified":"2025-04-14T19:15:14","modified_gmt":"2025-04-14T22:15:14","slug":"profesorado-de-educacion-secundaria-en-historia","status":"publish","type":"page","link":"https:\/\/enssagarna-ers.infd.edu.ar\/sitio\/profesorado-de-educacion-secundaria-en-historia\/","title":{"rendered":"Profesorado de Educaci\u00f3n Secundaria en Historia"},"content":{"rendered":"\n<div class=\"wp-block-columns is-layout-flex wp-container-2\">\n<div class=\"wp-block-column is-layout-flow\" style=\"flex-basis:100%\">\n<figure class=\"wp-block-image size-full\"><img decoding=\"async\" loading=\"lazy\" width=\"1200\" height=\"200\" src=\"https:\/\/enssagarna-ers.infd.edu.ar\/sitio\/wp-content\/uploads\/2023\/11\/Banner-para-Historia.png\" alt=\"\" class=\"wp-image-2067\" srcset=\"https:\/\/enssagarna-ers.infd.edu.ar\/sitio\/wp-content\/uploads\/2023\/11\/Banner-para-Historia.png 1200w, https:\/\/enssagarna-ers.infd.edu.ar\/sitio\/wp-content\/uploads\/2023\/11\/Banner-para-Historia-1000x167.png 1000w, https:\/\/enssagarna-ers.infd.edu.ar\/sitio\/wp-content\/uploads\/2023\/11\/Banner-para-Historia-768x128.png 768w, https:\/\/enssagarna-ers.infd.edu.ar\/sitio\/wp-content\/uploads\/2023\/11\/Banner-para-Historia-400x68.png 400w\" sizes=\"(max-width: 1200px) 100vw, 1200px\" \/><\/figure>\n<\/div>\n<\/div>\n\n\n\n<div class=\"wp-block-columns is-layout-flex wp-container-5\">\n<div class=\"wp-block-column is-layout-flow\" style=\"flex-basis:66.66%\">\n<p><strong>T\u00edtulo que se otorga<\/strong>: Profesor\/a de Educaci\u00f3n Secundaria en Historia<\/p>\n\n\n\n<p><strong>Duraci\u00f3n:<\/strong> 4 a\u00f1os<\/p>\n\n\n\n<p><strong>Resoluci\u00f3n 0765\/14 CGE<\/strong>: <a rel=\"noreferrer noopener\" href=\"https:\/\/des-ers.infd.edu.ar\/sitio\/wp-admin\/upload\/0765-14_CGE_Dise%F1o_Curricular_Profesorado_de_Educ._Sec._en_Historia.pdf\" data-type=\"URL\" data-id=\"https:\/\/des-ers.infd.edu.ar\/sitio\/wp-admin\/upload\/0765-14_CGE_Dise%F1o_Curricular_Profesorado_de_Educ._Sec._en_Historia.pdf\" target=\"_blank\">Descargar<\/a><\/p>\n<\/div>\n\n\n\n<div class=\"wp-block-column is-layout-flow\" style=\"flex-basis:33.33%\">\n<h4 class=\"wp-block-heading\">No se abrir\u00e1 otra corte<\/h4>\n<\/div>\n<\/div>\n\n\n\n<h3 class=\"entry-title\" style=\"background-color: #dd4816;\"><span style=\"color: #ffffff;\">Perfil del egresado<\/span><\/h3>\n\n\n\n<p><\/p>\n\n\n\n<p>La construcci\u00f3n de un dise\u00f1o curricular para la Formaci\u00f3n Docente Inicial, nos posibilita resignificar la tarea docente, de manera tal de pensarla y concebirla como una pr\u00e1ctica reflexiva y cr\u00edtica.<\/p>\n\n\n\n<p>En este sentido pretendemos que el egresado del Profesorado en Educaci\u00f3n Secundaria en Econom\u00eda sea un docente comprometido \u00e9tico y pol\u00edticamente con los procesos culturales, sociales, est\u00e9ticos de la sociedad en la que vive.<\/p>\n\n\n\n<p>Por lo expuesto se aspira a formar un docente con capacidad de:<\/p>\n\n\n\n<ul>\n<li>Asumirse como sujeto aut\u00f3nomo, creativo, con responsabilidad profesional para la toma de decisiones.<\/li>\n\n\n\n<li>Contextualizar las intervenciones de ense\u00f1anza en pos de encontrar diferentes y mejores formas de posibilitar los aprendizajes de los estudiantes y apoyar procesos democr\u00e1ticos al interior de las instituciones educativas y de las aulas.<\/li>\n\n\n\n<li>Posicionarse comprometidamente en la configuraci\u00f3n y consolidaci\u00f3n de su identidad como profesional docente.<\/li>\n\n\n\n<li>Construir espacios de trabajo compartido y colaborativo en las instituciones educativas.<\/li>\n\n\n\n<li>Comprender determinados marcos te\u00f3ricos que lo habiliten para seguir profundizando en los diferentes campos de conocimiento.<\/li>\n\n\n\n<li>Seleccionar, dise\u00f1ar y utilizar diversos recursos did\u00e1cticos, en situaciones de ense\u00f1anza formal y no formal.<\/li>\n\n\n\n<li>Implementar reflexivamente los dise\u00f1os curriculares del nivel de educaci\u00f3n primaria vigentes en los diferentes contextos, ciclos y modalidades.<\/li>\n\n\n\n<li>Construir y desarrollar dispositivos pedag\u00f3gicos \u2013 disciplinares para atender a la diversidad y la integraci\u00f3n de los sujetos, desde la confianza en sus posibilidades de aprender y la comprensi\u00f3n de su comunidad.<\/li>\n\n\n\n<li>Comprometerse con una concepci\u00f3n de evaluaci\u00f3n multidimensional y multireferencial tanto de los aprendizajes como de la ense\u00f1anza.<\/li>\n<\/ul>\n\n\n\n<h3 class=\"entry-title\" style=\"background-color: #dd4816;\"><span style=\"color: #ffffff;\">Plan de Estudios<\/span><\/h3>\n\n\n\n<p><\/p>\n\n\n\n<style>\n        details { \n      background-color: #f6f8fa;\n      width: 100%;\n      margin-bottom: 1rem;   \n      border-radius: 8px;  \n      border: 1px solid #d8e0e9;\n      color: #364f6b;\n      position: relative;\n    }\n\n    details summary {  \n      font-weight: 400;\n      font-size: 1.25rem;\n      padding: 1rem;\n      cursor: pointer;\n      list-style: none;\n    }\n\n    details p {\n      padding: 1rem;\n      margin: 0 1rem 1rem 1rem;\n      background: #f6f8fa;\n      border-left: 2px solid #364f6b;\n    }\n    \n    <\/style>\n\n   <!--PROFESORADO Historia-->\n    <div>\n            <details>\n                <summary>1er a\u00f1o<\/summary>\n                <ul>\n                    <li>Pedagog\u00eda<\/li>\n                    <li>Corporeidad, juegos y lenguajes art\u00edsticos<\/li>\n                    <li>Oralidad, lectura, escritura y TIC<\/li>\n                    <li>Did\u00e1ctica General<\/li>\n                    <li>Procesos sociales, pol\u00edticos, econ\u00f3micos y culturales de la antig\u00fcedad<\/li>\n                    <li>Procesos sociales, pol\u00edticos, econ\u00f3micos y culturales de los pueblos originarios de am\u00e9rica<\/li>\n                    <li>Historia de las ideas I<\/li>\n                    <li>Problem\u00e1tica del conocimiento hist\u00f3rico<\/li>\n                    <li>Pr\u00e1ctica docente I<\/li>\n                <\/ul>\n            <\/details>\n            <details>\n                <summary>2do a\u00f1o<\/summary>\n                <ul>\n                    <li>Psicolog\u00eda educacional<\/li>\n                    <li>Filosof\u00eda<\/li>\n                    <li>Educaci\u00f3n sexual integral<\/li>\n                    <li>Procesos sociales, pol\u00edticos, econ\u00f3micos y culturales del feudalismo y de la modernidad<\/li>\n                    <li>Procesos sociales, pol\u00edticos, econ\u00f3micos y culturales americanos I<\/li>\n                    <li>Historia de las ideas II<\/li>\n                    <li>Econom\u00eda pol\u00edtica<\/li>\n                    <li>El mundo y las nuevas territorialidades<\/li>\n                    <li>Sujeto de la educaci\u00f3n secundaria<\/li>\n                    <li>Did\u00e1ctica de las ciencias sociales<\/li>\n                    <li>Pr\u00e1ctica docente II<\/li>\n                <\/ul>\n            <\/details>\n            <details>\n                <summary>3er a\u00f1o<\/summary>\n                <ul>\n                    <li>Sociolog\u00eda de la educaci\u00f3n<\/li>\n                    <li>Historia y Pol\u00edtica de la educaci\u00f3n argentina<\/li>\n                    <li>An\u00e1lisis y organizaci\u00f3n de las instituciones educativas<\/li>\n                    <li>Procesos sociales, pol\u00edticos, econ\u00f3micos y culturales contempor\u00e1neos I<\/li>\n                    <li>Procesos sociales, pol\u00edticos, econ\u00f3micos y culturales americanos II<\/li>\n                    <li>Procesos sociales, pol\u00edticos, econ\u00f3micos y culturales de la argentina I<\/li>\n                    <li>Epistemolog\u00eda de la historia<\/li>\n                    <li>Did\u00e1ctica de la historia<\/li>\n                    <li>Pr\u00e1ctica docente III<\/li>\n                <\/ul>\n            <\/details>\n            <details>\n                <summary>4to a\u00f1o<\/summary>\n                <ul>\n                    <li>Derechos humanos: \u00e9tica y ciudadan\u00eda<\/li>\n                    <li>Procesos sociales, pol\u00edticos, econ\u00f3micos y culturales contempor\u00e1neos II<\/li>\n                    <li>Procesos sociales, pol\u00edticos, econ\u00f3micos y culturales americanos III<\/li>\n                    <li>Procesos sociales, pol\u00edticos, econ\u00f3micos y culturales de la argentina II<\/li>\n                    <li>Problem\u00e1ticas hist\u00f3ricas regionales y locales<\/li>\n                    <li>Pr\u00e1ctica docente IV<\/li>\n                <\/ul>\n            <\/details>\n    <\/div>\n\n\n\n<h3 class=\"entry-title\" style=\"background-color: #dd4816;\"><span style=\"color: #ffffff;\">R\u00e9gimen de Correlatividades<\/span><\/h3>\n\n\n\n<p><\/p>\n\n\n\n<div class=\"wp-block-file\"><object class=\"wp-block-file__embed\" data=\"https:\/\/enssagarna-ers.infd.edu.ar\/sitio\/wp-content\/uploads\/2023\/09\/Correlatividades-0765-14_CGE_Historia.pdf\" type=\"application\/pdf\" style=\"width:100%;height:600px\" aria-label=\"Incrustado de Correlatividades 0765-14_CGE_Historia.\"><\/object><a id=\"wp-block-file--media-f60ffdf1-5541-48cb-84a9-7684569fff0e\" href=\"https:\/\/enssagarna-ers.infd.edu.ar\/sitio\/wp-content\/uploads\/2023\/09\/Correlatividades-0765-14_CGE_Historia.pdf\">Correlatividades 0765-14_CGE_Historia<\/a><a href=\"https:\/\/enssagarna-ers.infd.edu.ar\/sitio\/wp-content\/uploads\/2023\/09\/Correlatividades-0765-14_CGE_Historia.pdf\" class=\"wp-block-file__button wp-element-button\" download aria-describedby=\"wp-block-file--media-f60ffdf1-5541-48cb-84a9-7684569fff0e\">Descarga<\/a><\/div>\n","protected":false},"excerpt":{"rendered":"<p>T\u00edtulo que se otorga: Profesor\/a de Educaci\u00f3n Secundaria en Historia Duraci\u00f3n: 4 a\u00f1os Resoluci\u00f3n 0765\/14 CGE: Descargar No se abrir\u00e1 otra corte Perfil del egresado La construcci\u00f3n de un dise\u00f1o curricular para la Formaci\u00f3n Docente Inicial, nos posibilita resignificar la tarea docente, de manera tal de pensarla y concebirla como una pr\u00e1ctica reflexiva y cr\u00edtica. &#8230; <a title=\"Profesorado de Educaci\u00f3n Secundaria en Historia\" class=\"read-more\" href=\"https:\/\/enssagarna-ers.infd.edu.ar\/sitio\/profesorado-de-educacion-secundaria-en-historia\/\" aria-label=\"More on Profesorado de Educaci\u00f3n Secundaria en Historia\">[+]<\/a><\/p>\n","protected":false},"author":190,"featured_media":0,"parent":0,"menu_order":0,"comment_status":"closed","ping_status":"closed","template":"","meta":[],"acf":[],"_links":{"self":[{"href":"https:\/\/enssagarna-ers.infd.edu.ar\/sitio\/wp-json\/wp\/v2\/pages\/1718"}],"collection":[{"href":"https:\/\/enssagarna-ers.infd.edu.ar\/sitio\/wp-json\/wp\/v2\/pages"}],"about":[{"href":"https:\/\/enssagarna-ers.infd.edu.ar\/sitio\/wp-json\/wp\/v2\/types\/page"}],"author":[{"embeddable":true,"href":"https:\/\/enssagarna-ers.infd.edu.ar\/sitio\/wp-json\/wp\/v2\/users\/190"}],"replies":[{"embeddable":true,"href":"https:\/\/enssagarna-ers.infd.edu.ar\/sitio\/wp-json\/wp\/v2\/comments?post=1718"}],"version-history":[{"count":15,"href":"https:\/\/enssagarna-ers.infd.edu.ar\/sitio\/wp-json\/wp\/v2\/pages\/1718\/revisions"}],"predecessor-version":[{"id":2188,"href":"https:\/\/enssagarna-ers.infd.edu.ar\/sitio\/wp-json\/wp\/v2\/pages\/1718\/revisions\/2188"}],"wp:attachment":[{"href":"https:\/\/enssagarna-ers.infd.edu.ar\/sitio\/wp-json\/wp\/v2\/media?parent=1718"}],"curies":[{"name":"wp","href":"https:\/\/api.w.org\/{rel}","templated":true}]}}